{"id":112,"date":"2020-10-16T21:37:45","date_gmt":"2020-10-16T19:37:45","guid":{"rendered":"http:\/\/fonciere-maxime.fr\/?page_id=112"},"modified":"2020-11-18T17:53:49","modified_gmt":"2020-11-18T16:53:49","slug":"mentions-legales","status":"publish","type":"page","link":"https:\/\/fonciere-maxime.fr\/?page_id=112","title":{"rendered":"Mentions l\u00e9gales"},"content":{"rendered":"\n<p><strong>Publication du site<\/strong><\/p>\n\n\n\n<p>Le Site fonciere-maxime.fr est \u00e9dit\u00e9 par la soci\u00e9t\u00e9 FONCIERE MAXIME, SAS \u00e0 capital variable d\u2019un montant minimum de 125 000 euros dont le si\u00e8ge social est situ\u00e9 au 11 rue Baron d\u2019Aubigny 50580 PORT-BAIL-SUR-MER immatricul\u00e9e au RCS de CHERBOURG sous le num\u00e9ro 890 903 065.<\/p>\n\n\n\n<p>Directeur de la publication : Maxime DUFOUR \u2013 gestion@fonciere-maxime.fr<\/p>\n\n\n\n<p><strong>Informations techniques<\/strong><\/p>\n\n\n\n<p>L&rsquo;\u00e9diteur s&rsquo;engage \u00e0 respecter l&rsquo;ensemble des lois concernant la mise en place et l&rsquo;activit\u00e9 d&rsquo;un site Internet. Il est rappel\u00e9 que le secret des correspondances n&rsquo;est pas garanti sur le r\u00e9seau Internet et qu&rsquo;il appartient \u00e0 chaque utilisateur d&rsquo;Internet de prendre toutes les mesures appropri\u00e9es de fa\u00e7on \u00e0 prot\u00e9ger ses propres donn\u00e9es et\/ou logiciels de la contamination d&rsquo;\u00e9ventuels virus circulant sur Internet.<\/p>\n\n\n\n<p>L\u2019h\u00e9bergement technique du Site est assur\u00e9 par la soci\u00e9t\u00e9 OVH dont le si\u00e8ge social est situ\u00e9 au 2 rue Kellermann, 59100 ROUBAIX immatricul\u00e9e au RCS de Lille M\u00e9tropole sous le num\u00e9ro 424 761 419 00045.<\/p>\n\n\n\n<p><strong>Contenu<\/strong><\/p>\n\n\n\n<p>FONCIERE MAXIME met tout en \u0153uvre pour vous fournir des informations (photos, textes, contenus) aussi pr\u00e9cises que possible sur le Site et pour s\u2019assurer de la v\u00e9racit\u00e9 des \u00e9l\u00e9ments pr\u00e9sent\u00e9s en provenance de nos partenaires. Toutefois, FONCIERE MAXIME ne peut garantir l\u2019absence d\u2019inexactitudes ou de diff\u00e9rences qui r\u00e9sulteraient notamment de la nature d\u2019Internet, de la configuration de votre ordinateur ou du fait de tiers partenaires qui lui fournissent ces informations. Vous \u00eates invit\u00e9s \u00e0 contacter directement FONCIERE MAXIME pour toute question ou confirmation.<\/p>\n\n\n\n<p><strong>Droits d\u2019auteur<\/strong><\/p>\n\n\n\n<p>La reproduction ou repr\u00e9sentation, int\u00e9grale ou partielle, des pages, des donn\u00e9es et de tout autre \u00e9l\u00e9ment constitutif du Site, par quelque proc\u00e9d\u00e9 ou support que ce soit, est interdite et constitue sans autorisation des titulaires des droits concern\u00e9s un d\u00e9lit de contrefa\u00e7on.<\/p>\n\n\n\n<p class=\"has-text-align-right\">Mise \u00e0 jour : 18 novembre 2020<\/p>\n","protected":false},"excerpt":{"rendered":"<p>Publication du site Le Site fonciere-maxime.fr est \u00e9dit\u00e9 par la soci\u00e9t\u00e9 FONCIERE MAXIME, SAS \u00e0 capital variable d\u2019un montant minimum de 125 000 euros dont le si\u00e8ge social est situ\u00e9 au 11 rue Baron d\u2019Aubigny 50580 PORT-BAIL-SUR-MER immatricul\u00e9e au RCS de CHERBOURG sous le num\u00e9ro 890 903 065. Directeur de la publication : Maxime DUFOUR &hellip; <\/p>\n<p class=\"link-more\"><a href=\"https:\/\/fonciere-maxime.fr\/?page_id=112\" class=\"more-link\">Continuer la lecture <span class=\"screen-reader-text\"> \u00ab\u00a0Mentions l\u00e9gales\u00a0\u00bb<\/span><\/a><\/p>\n","protected":false},"author":1,"featured_media":0,"parent":0,"menu_order":0,"comment_status":"closed","ping_status":"closed","template":"","meta":{"footnotes":""},"class_list":["post-112","page","type-page","status-publish","hentry","entry"],"_links":{"self":[{"href":"https:\/\/fonciere-maxime.fr\/index.php?rest_route=\/wp\/v2\/pages\/112","targetHints":{"allow":["GET"]}}],"collection":[{"href":"https:\/\/fonciere-maxime.fr\/index.php?rest_route=\/wp\/v2\/pages"}],"about":[{"href":"https:\/\/fonciere-maxime.fr\/index.php?rest_route=\/wp\/v2\/types\/page"}],"author":[{"embeddable":true,"href":"https:\/\/fonciere-maxime.fr\/index.php?rest_route=\/wp\/v2\/users\/1"}],"replies":[{"embeddable":true,"href":"https:\/\/fonciere-maxime.fr\/index.php?rest_route=%2Fwp%2Fv2%2Fcomments&post=112"}],"version-history":[{"count":4,"href":"https:\/\/fonciere-maxime.fr\/index.php?rest_route=\/wp\/v2\/pages\/112\/revisions"}],"predecessor-version":[{"id":169,"href":"https:\/\/fonciere-maxime.fr\/index.php?rest_route=\/wp\/v2\/pages\/112\/revisions\/169"}],"wp:attachment":[{"href":"https:\/\/fonciere-maxime.fr\/index.php?rest_route=%2Fwp%2Fv2%2Fmedia&parent=112"}],"curies":[{"name":"wp","href":"https:\/\/api.w.org\/{rel}","templated":true}]}}