{"id":7,"date":"2020-10-13T10:41:24","date_gmt":"2020-10-13T08:41:24","guid":{"rendered":"http:\/\/fonciere-maxime.fr\/?page_id=7"},"modified":"2024-04-01T11:10:49","modified_gmt":"2024-04-01T09:10:49","slug":"presentation-politique-dinvestissement","status":"publish","type":"page","link":"https:\/\/fonciere-maxime.fr\/?page_id=7","title":{"rendered":"Politique d&rsquo;investissement &#8211; Patrimoine"},"content":{"rendered":"\n<p class=\"has-normal-font-size\"><strong>Politique d&rsquo;investissement<\/strong><\/p>\n\n\n\n<div align=\"justify\"><p>L\u2019objectif de cette fonci\u00e8re est d\u2019investir \u00e0 la fois dans l\u2019immobilier d\u2019habitation en province et dans l\u2019immobilier commercial \u00e0 Paris dans le but de constituer un socle de revenus locatifs r\u00e9gulier et de saisir de multiples opportunit\u00e9s d\u2019investissement.<br>\nLe but recherch\u00e9 de cette double allocation d\u2019actifs est de diversifier les sources de revenus locatifs et d\u2019augmenter le champ des opportunit\u00e9s d\u2019investissement.<br>\nLes biens acquis font l\u2019objet d\u2019une s\u00e9lection rigoureuse tant en terme d\u2019emplacement qu\u2019en terme de solvabilit\u00e9 des locataires en place.<br>\nLa gestion dynamique du parc immobilier doit permettre de r\u00e9aliser r\u00e9guli\u00e8rement des profits de cession, venant s\u2019ajouter aux flux de revenus locatifs des biens d\u00e9tenus.<br>\nL\u2019objectif recherch\u00e9 \u00e0 long terme est d\u2019obtenir une rentabilit\u00e9 annuelle des fonds propres investis de l&rsquo;ordre de 15 %.<br>\n<br><\/div>\n\n\n\n<p class=\"has-normal-font-size\"><strong>Patrimoine de la Fonci\u00e8re au 1er septembre 2023<\/strong> <\/p>\n\n\n\n<div align=\"justify\"><p>\u00c0 ce jour, le patrimoine est constitu\u00e9 de 28 lots (21 appartements, 1 maison de ville et 3 locaux commerciaux, 3 garages) : <br>\n&#8211; 1 appartement de 90m\u00b2 sis \u00e0 OCTEVILLE (50130) a pour locataire la soci\u00e9t\u00e9 EDF (baux de 6 ans, renouvelables), <br>\n&#8211; 1 appartement de 46m\u00b2 sis \u00e0 CHERBOURG (50100) fait l\u2019objet d\u2019une location \u00ab classique \u00bb au profit d&rsquo;un particulier, <br>\n&#8211; 1 local commercial de 41m\u00b2 sis \u00e0 PARIS (75012) pour une activit\u00e9 de salon d&rsquo;esth\u00e9tique, <br>\n&#8211; 1 local commercial de 49m\u00b2 sis \u00e0 VINCENNES (94300) pour une activit\u00e9 de cuisiniste, <br>\n&#8211; 1 local commercial de 230m\u00b2 + 30 places de stationnement sis \u00e0 CHERBOURG (50120) pour une activit\u00e9 de boulangerie-restauration-point presse, <br>\n&#8211; 1 immeuble de rapport de 5 logements (en cours de vente \u00e0 la d\u00e9coupe) sis \u00e0 CHERBOURG (50100),<br>\n&#8211; 1 ensemble immobilier constitu\u00e9 d&rsquo;un immeuble de rapport de 8 logements (en cours de vente \u00e0 la d\u00e9coupe) et de 1 maisons de ville, sis \u00e0 CHERBOURG (50100),<br>\n&#8211; 1 immeuble de rapport de 5 logements et 3 garages sis \u00e0 CHERBOURG-EN-COTENTIN (50120).\n<\/p><\/div>\n\n\n\n<figure class=\"wp-block-image size-large is-resized\"><img loading=\"lazy\" decoding=\"async\" width=\"637\" height=\"358\" src=\"http:\/\/fonciere-maxime.fr\/wp-content\/uploads\/2020\/10\/Immeuble-Octeville.png\" alt=\"\" class=\"wp-image-101\" style=\"width:719px;height:404px\" srcset=\"https:\/\/fonciere-maxime.fr\/wp-content\/uploads\/2020\/10\/Immeuble-Octeville.png 637w, https:\/\/fonciere-maxime.fr\/wp-content\/uploads\/2020\/10\/Immeuble-Octeville-300x169.png 300w\" sizes=\"auto, (max-width: 637px) 100vw, 637px\" \/><\/figure>\n\n\n\n<p class=\"has-text-align-right\">Mise \u00e0 jour : 1er septembre 2023<\/p>\n","protected":false},"excerpt":{"rendered":"<p>Politique d&rsquo;investissement L\u2019objectif de cette fonci\u00e8re est d\u2019investir \u00e0 la fois dans l\u2019immobilier d\u2019habitation en province et dans l\u2019immobilier commercial \u00e0 Paris dans le but de constituer un socle de revenus locatifs r\u00e9gulier et de saisir de multiples opportunit\u00e9s d\u2019investissement. Le but recherch\u00e9 de cette double allocation d\u2019actifs est de diversifier les sources de revenus &hellip; <\/p>\n<p class=\"link-more\"><a href=\"https:\/\/fonciere-maxime.fr\/?page_id=7\" class=\"more-link\">Continuer la lecture <span class=\"screen-reader-text\"> \u00ab\u00a0Politique d&rsquo;investissement &#8211; Patrimoine\u00a0\u00bb<\/span><\/a><\/p>\n","protected":false},"author":1,"featured_media":0,"parent":0,"menu_order":0,"comment_status":"closed","ping_status":"closed","template":"","meta":{"footnotes":""},"class_list":["post-7","page","type-page","status-publish","hentry","entry"],"_links":{"self":[{"href":"https:\/\/fonciere-maxime.fr\/index.php?rest_route=\/wp\/v2\/pages\/7","targetHints":{"allow":["GET"]}}],"collection":[{"href":"https:\/\/fonciere-maxime.fr\/index.php?rest_route=\/wp\/v2\/pages"}],"about":[{"href":"https:\/\/fonciere-maxime.fr\/index.php?rest_route=\/wp\/v2\/types\/page"}],"author":[{"embeddable":true,"href":"https:\/\/fonciere-maxime.fr\/index.php?rest_route=\/wp\/v2\/users\/1"}],"replies":[{"embeddable":true,"href":"https:\/\/fonciere-maxime.fr\/index.php?rest_route=%2Fwp%2Fv2%2Fcomments&post=7"}],"version-history":[{"count":40,"href":"https:\/\/fonciere-maxime.fr\/index.php?rest_route=\/wp\/v2\/pages\/7\/revisions"}],"predecessor-version":[{"id":514,"href":"https:\/\/fonciere-maxime.fr\/index.php?rest_route=\/wp\/v2\/pages\/7\/revisions\/514"}],"wp:attachment":[{"href":"https:\/\/fonciere-maxime.fr\/index.php?rest_route=%2Fwp%2Fv2%2Fmedia&parent=7"}],"curies":[{"name":"wp","href":"https:\/\/api.w.org\/{rel}","templated":true}]}}