{"id":82,"date":"2020-10-15T22:15:08","date_gmt":"2020-10-15T20:15:08","guid":{"rendered":"http:\/\/fonciere-maxime.fr\/?page_id=82"},"modified":"2020-10-17T12:27:34","modified_gmt":"2020-10-17T10:27:34","slug":"avertissement","status":"publish","type":"page","link":"https:\/\/fonciere-maxime.fr\/?page_id=82","title":{"rendered":"Avertissement"},"content":{"rendered":"\n<p><strong>Risque li\u00e9 \u00e0 l\u2019absence de garantie du capital et du rendement<\/strong><strong><\/strong><\/p>\n\n\n\n<p>Le gestionnaire met tout en \u0153uvre pour obtenir une rentabilit\u00e9 des capitaux propres investis de 15&nbsp;% annuel. L\u2019investisseur reconna\u00eet \u00eatre inform\u00e9 que l\u2019objectif de rentabilit\u00e9 pourrait ne pas \u00eatre atteint.<\/p>\n\n\n\n<p>En cons\u00e9quence, l\u2019objectif de rentabilit\u00e9 affich\u00e9 sur le pr\u00e9sent site est mentionn\u00e9 \u00e0 titre purement indicatif, sans aucune garantie.<\/p>\n\n\n\n<p><br><strong>Risque de liquidit\u00e9<\/strong><strong><\/strong><\/p>\n\n\n\n<p>L\u2019attention des investisseurs est attir\u00e9e sur les difficult\u00e9s potentielles qu\u2019ils peuvent rencontrer s\u2019ils souhaitent revendre leurs titres et \u00e0 l\u2019absence \u00e9ventuelle de liquidit\u00e9, c\u2019est \u00e0 dire l\u2019absence d\u2019acheteur.<\/p>\n\n\n\n<p>Dans la mesure ou les titres n\u2019ont pas fait l\u2019objet d\u2019une demande d\u2019admission aux n\u00e9gociations en vue de leur distribution sur un march\u00e9 r\u00e9glement\u00e9 ou organis\u00e9, leur cession n\u2019est pas garantie.<\/p>\n\n\n\n<p>Un contrat d\u2019apporteur de liquidit\u00e9 et le caract\u00e8re variable du capital de la soci\u00e9t\u00e9 vise \u00e0 r\u00e9duire ce risque d\u2019illiquidit\u00e9 sans que celui-ci ne disparaisse totalement.<\/p>\n\n\n\n<p><br><strong>Risque d\u2019illiquidit\u00e9 du patrimoine immobilier d\u00e9tenu par la fonci\u00e8re<\/strong><strong><\/strong><\/p>\n\n\n\n<p>La soci\u00e9t\u00e9 fonci\u00e8re s\u2019expose \u00e0 un risque d\u2019illiquidit\u00e9 des actifs immobiliers qu\u2019elle d\u00e9tient, notamment imputable \u00e0 la difficult\u00e9 \u00e9ventuelle \u00e0 trouver des acqu\u00e9reurs pour les biens qu\u2019elle souhaiterait revendre. Dans l\u2019hypoth\u00e8se o\u00f9 la soci\u00e9t\u00e9 fonci\u00e8re ne trouverait pas d\u2019acqu\u00e9reurs, la capacit\u00e9 de racheter les actions des associ\u00e9s (du fait de la variabilit\u00e9 du capital) en serait directement affect\u00e9e.<\/p>\n\n\n\n<p class=\"has-text-align-right\"><br>Mise \u00e0 jour : 17 octobre 2020<\/p>\n","protected":false},"excerpt":{"rendered":"<p>Risque li\u00e9 \u00e0 l\u2019absence de garantie du capital et du rendement Le gestionnaire met tout en \u0153uvre pour obtenir une rentabilit\u00e9 des capitaux propres investis de 15&nbsp;% annuel. L\u2019investisseur reconna\u00eet \u00eatre inform\u00e9 que l\u2019objectif de rentabilit\u00e9 pourrait ne pas \u00eatre atteint. En cons\u00e9quence, l\u2019objectif de rentabilit\u00e9 affich\u00e9 sur le pr\u00e9sent site est mentionn\u00e9 \u00e0 titre &hellip; <\/p>\n<p class=\"link-more\"><a href=\"https:\/\/fonciere-maxime.fr\/?page_id=82\" class=\"more-link\">Continuer la lecture <span class=\"screen-reader-text\"> \u00ab\u00a0Avertissement\u00a0\u00bb<\/span><\/a><\/p>\n","protected":false},"author":1,"featured_media":0,"parent":0,"menu_order":0,"comment_status":"closed","ping_status":"closed","template":"","meta":{"footnotes":""},"class_list":["post-82","page","type-page","status-publish","hentry","entry"],"_links":{"self":[{"href":"https:\/\/fonciere-maxime.fr\/index.php?rest_route=\/wp\/v2\/pages\/82","targetHints":{"allow":["GET"]}}],"collection":[{"href":"https:\/\/fonciere-maxime.fr\/index.php?rest_route=\/wp\/v2\/pages"}],"about":[{"href":"https:\/\/fonciere-maxime.fr\/index.php?rest_route=\/wp\/v2\/types\/page"}],"author":[{"embeddable":true,"href":"https:\/\/fonciere-maxime.fr\/index.php?rest_route=\/wp\/v2\/users\/1"}],"replies":[{"embeddable":true,"href":"https:\/\/fonciere-maxime.fr\/index.php?rest_route=%2Fwp%2Fv2%2Fcomments&post=82"}],"version-history":[{"count":6,"href":"https:\/\/fonciere-maxime.fr\/index.php?rest_route=\/wp\/v2\/pages\/82\/revisions"}],"predecessor-version":[{"id":151,"href":"https:\/\/fonciere-maxime.fr\/index.php?rest_route=\/wp\/v2\/pages\/82\/revisions\/151"}],"wp:attachment":[{"href":"https:\/\/fonciere-maxime.fr\/index.php?rest_route=%2Fwp%2Fv2%2Fmedia&parent=82"}],"curies":[{"name":"wp","href":"https:\/\/api.w.org\/{rel}","templated":true}]}}